{"id":1311,"date":"2026-04-08T12:38:04","date_gmt":"2026-04-08T10:38:04","guid":{"rendered":"https:\/\/entrenadorpersonalleganes.es\/?page_id=1311"},"modified":"2026-04-08T12:47:14","modified_gmt":"2026-04-08T10:47:14","slug":"accesibilidad","status":"publish","type":"page","link":"https:\/\/entrenadorpersonalleganes.es\/en\/accesibilidad\/","title":{"rendered":"Accesibilidad"},"content":{"rendered":"<p>[et_pb_section fb_built=\u00bb1&#8243; _builder_version=\u00bb4.27.6&#8243; _module_preset=\u00bbdefault\u00bb background_color=\u00bbrgba(15,15,15,0.9)\u00bb background_image=\u00bbhttps:\/\/entrenadorpersonalleganes.es\/wp-content\/uploads\/2025\/12\/javier-entrenamiento-fuerza.webp\u00bb background_blend=\u00bboverlay\u00bb custom_padding=\u00bb150px||||false|false\u00bb hover_enabled=\u00bb0&#8243; global_colors_info=\u00bb{}\u00bb sticky_enabled=\u00bb0&#8243;][et_pb_row _builder_version=\u00bb4.21.0&#8243; _module_preset=\u00bbdefault\u00bb custom_padding=\u00bb||0px||false|false\u00bb global_colors_info=\u00bb{}\u00bb][et_pb_column type=\u00bb4_4&#8243; _builder_version=\u00bb4.21.0&#8243; _module_preset=\u00bbdefault\u00bb global_colors_info=\u00bb{}\u00bb][et_pb_text _builder_version=\u00bb4.27.4&#8243; _dynamic_attributes=\u00bbcontent\u00bb _module_preset=\u00bbdefault\u00bb text_font_size=\u00bb60px\u00bb text_line_height=\u00bb1em\u00bb header_text_align=\u00bbcenter\u00bb header_font_size=\u00bb60px\u00bb header_line_height=\u00bb1.4em\u00bb text_orientation=\u00bbcenter\u00bb background_layout=\u00bbdark\u00bb text_font_size_tablet=\u00bb\u00bb text_font_size_phone=\u00bb35px\u00bb text_font_size_last_edited=\u00bbon|desktop\u00bb header_font_size_tablet=\u00bb60px\u00bb header_font_size_phone=\u00bb45px\u00bb header_font_size_last_edited=\u00bbon|phone\u00bb global_colors_info=\u00bb{}\u00bb]@ET-DC@eyJkeW5hbWljIjp0cnVlLCJjb250ZW50IjoicG9zdF90aXRsZSIsInNldHRpbmdzIjp7ImJlZm9yZSI6IjxoMT4iLCJhZnRlciI6IjwvaDE+In19@[\/et_pb_text][\/et_pb_column][\/et_pb_row][\/et_pb_section][et_pb_section fb_built=\u00bb1&#8243; _builder_version=\u00bb4.27.4&#8243; _module_preset=\u00bbdefault\u00bb global_colors_info=\u00bb{}\u00bb][et_pb_row _builder_version=\u00bb4.27.4&#8243; _module_preset=\u00bbdefault\u00bb global_colors_info=\u00bb{}\u00bb][et_pb_column type=\u00bb4_4&#8243; _builder_version=\u00bb4.27.4&#8243; _module_preset=\u00bbdefault\u00bb global_colors_info=\u00bb{}\u00bb][et_pb_text _builder_version=\u00bb4.27.6&#8243; _module_preset=\u00bbdefault\u00bb link_font=\u00bb||||on|||#0C71C3|\u00bb link_text_color=\u00bb#0C71C3&#8243; global_colors_info=\u00bb{}\u00bb]<\/p>\n<h2>INTRODUCCI\u00d3N<\/h2>\n<p><strong>Javier Mart\u00ednez Rodr\u00edguez <\/strong>, se ha comprometido a hacer accesible su sitio web y su aplicaci\u00f3n para dispositivos m\u00f3viles, de conformidad con el Real Decreto 1112\/2018, de 7 de septiembre, sobre accesibilidad de los sitios web y aplicaciones para dispositivos m\u00f3viles del sector p\u00fablico. La presente declaraci\u00f3n de accesibilidad se aplica a : https:\/\/entrenadorpersonalleganes.es\/<\/p>\n<p>&nbsp;<\/p>\n<h2>RECOMENDACIONES PARA SU APLICACI\u00d3N EN EL CONTEXTO NACIONAL<\/h2>\n<p>La declaraci\u00f3n de accesibilidad puede referirse a uno o varios sitios web y\/o a una o varias aplicaciones para dispositivos m\u00f3viles siempre y cuando tengan la misma situaci\u00f3n de cumplimiento, el mismo contenido no accesible y les aplique tambi\u00e9n la misma informaci\u00f3n del resto de la declaraci\u00f3n. Sin embargo, por claridad en la lectura e interpretaci\u00f3n para los usuarios se recomienda que exista una declaraci\u00f3n de accesibilidad para cada sitio web o para cada aplicaci\u00f3n m\u00f3vil.<\/p>\n<p>Indicar el alcance de la declaraci\u00f3n listando los enlaces de los sitios web y\/o las aplicaciones para dispositivos m\u00f3viles a los que aplica. En el caso de aplicaciones para dispositivos m\u00f3viles, deben facilitarse los datos (sistema operativo, versi\u00f3n\u2026) y la fecha de la versi\u00f3n. La referencia a la \u201clegislaci\u00f3n nacional que transpone la Directiva\u201d es el Real Decreto 1112\/2018, de 7 de septiembre, sobre accesibilidad de los sitios web y aplicaciones para dispositivos m\u00f3viles del sector p\u00fablico.<\/p>\n<p>&nbsp;<\/p>\n<h2>2.2. SITUACI\u00d3N DE CUMPLIMIENTO<\/h2>\n<p>Este sitio web es parcialmente conforme con los requisitos de accesibilidad a la falta de conformidad de los aspectos a continuaci\u00f3n:<\/p>\n<p>Ciertos aspectos del formulario de contacto.<br \/>Uso ocasional de colores con bajo contraste.<\/p>\n<p>&nbsp;<\/p>\n<h2>2.3. PREPARACI\u00d3N DE LA PRESENTE DECLARACI\u00d3N DE ACCESIBILIDAD<\/h2>\n<p>La presente declaraci\u00f3n fue preparada el 23\/05\/2025. una autoevaluaci\u00f3n llevada a cabo por el organismo del sector p\u00fablico.<\/p>\n<p>&nbsp;<\/p>\n<h2>2.4. OBSERVACIONES Y DATOS DE CONTACTO<\/h2>\n<p>Puede realizar comunicaciones sobre requisitos de accesibilidad (art\u00edculo 10.2.a) del RD 1112\/2018) como por ejemplo:<\/p>\n<p>informar sobre cualquier posible incumplimiento por parte de este sitio web transmitir otras dificultades de acceso al contenido<br \/>formular cualquier otra consulta o sugerencia de mejora relativa a la accesibilidad del sitio web a trav\u00e9s de la siguiente direcci\u00f3n de correo electr\u00f3nico: <a href=\"mailto:javiermz.pt@gmail.com\"><span>javiermz.pt@<\/span><span>gmail.com<\/span><\/a><\/p>\n<p>&nbsp;<\/p>\n<p><strong>Puede presentar:<\/strong><\/p>\n<p>Una Queja relativa al cumplimiento de los requisitos del RD 1112\/2018 o una Solicitud de Informaci\u00f3n accesible relativa a\u00a0 contenidos que est\u00e1n excluidos del \u00e1mbito de aplicaci\u00f3n del RD 1112\/2018 seg\u00fan lo establecido por el art\u00edculo 3, apartado 4 contenidos que est\u00e1n exentos del cumplimiento de los requisitos de accesibilidad por imponer una carga desproporcionada.<\/p>\n<p>En la Solicitud de informaci\u00f3n accesible, se debe concretar, con toda claridad, los hechos, razones y petici\u00f3n que permitan constatar que se trata de una solicitud razonable y leg\u00edtima.<\/p>\n<p>&nbsp;<\/p>\n<h2>2.5. PROCEDIMIENTO DE APLICACI\u00d3N<\/h2>\n<p>Si una vez realizada una solicitud de informaci\u00f3n accesible o queja, \u00e9sta hubiera sido desestimada, no se estuviera de acuerdo con la decisi\u00f3n adoptada, o la respuesta no cumpliera los requisitos contemplados en el art\u00edculo 12.5, la persona interesada podr\u00e1 iniciar una reclamaci\u00f3n. Igualmente se podr\u00e1 iniciar una reclamaci\u00f3n en el caso de que haya transcurrido el plazo de veinte d\u00edas h\u00e1biles sin haber obtenido respuesta.<\/p>\n<p>La reclamaci\u00f3n puede ser presentada trav\u00e9s del de la Instancia Gen\u00e9rica de la Sede electr\u00f3nica del Ministerio de Asuntos Econ\u00f3micos y transformaci\u00f3n Digital, as\u00ed como en el resto de opciones recogidas en la Ley 39\/ 2015, de 1 de octubre, del Procedimiento Administrativo Com\u00fan de las Administraciones P\u00fablicas.<\/p>\n<p>[\/et_pb_text][\/et_pb_column][\/et_pb_row][\/et_pb_section]<\/p>\n","protected":false},"excerpt":{"rendered":"<p>INTRODUCCI\u00d3N Javier Mart\u00ednez Rodr\u00edguez , se ha comprometido a hacer accesible su sitio web y su aplicaci\u00f3n para dispositivos m\u00f3viles, de conformidad con el Real Decreto 1112\/2018, de 7 de septiembre, sobre accesibilidad de los sitios web y aplicaciones para dispositivos m\u00f3viles del sector p\u00fablico. La presente declaraci\u00f3n de accesibilidad se aplica a : https:\/\/entrenadorpersonalleganes.es\/ [&hellip;]<\/p>\n","protected":false},"author":1,"featured_media":0,"parent":0,"menu_order":0,"comment_status":"closed","ping_status":"closed","template":"","meta":{"_et_pb_use_builder":"on","_et_pb_old_content":"","_et_gb_content_width":"","_joinchat":[],"footnotes":""},"difl_page_category":[],"class_list":["post-1311","page","type-page","status-publish","hentry"],"yoast_head":"<!-- This site is optimized with the Yoast SEO plugin v27.3 - https:\/\/yoast.com\/product\/yoast-seo-wordpress\/ -->\n<title>Accesibilidad - Javier Entrenador Personal<\/title>\n<meta name=\"robots\" content=\"index, follow, max-snippet:-1, max-image-preview:large, max-video-preview:-1\" \/>\n<link rel=\"canonical\" href=\"https:\/\/entrenadorpersonalleganes.es\/en\/accesibilidad\/\" \/>\n<meta property=\"og:locale\" content=\"en_GB\" \/>\n<meta property=\"og:type\" content=\"article\" \/>\n<meta property=\"og:title\" content=\"Accesibilidad - Javier Entrenador Personal\" \/>\n<meta property=\"og:description\" content=\"INTRODUCCI\u00d3N Javier Mart\u00ednez Rodr\u00edguez , se ha comprometido a hacer accesible su sitio web y su aplicaci\u00f3n para dispositivos m\u00f3viles, de conformidad con el Real Decreto 1112\/2018, de 7 de septiembre, sobre accesibilidad de los sitios web y aplicaciones para dispositivos m\u00f3viles del sector p\u00fablico. La presente declaraci\u00f3n de accesibilidad se aplica a : https:\/\/entrenadorpersonalleganes.es\/ [&hellip;]\" \/>\n<meta property=\"og:url\" content=\"https:\/\/entrenadorpersonalleganes.es\/en\/accesibilidad\/\" \/>\n<meta property=\"og:site_name\" content=\"Javier Entrenador Personal\" \/>\n<meta property=\"article:modified_time\" content=\"2026-04-08T10:47:14+00:00\" \/>\n<meta name=\"twitter:card\" content=\"summary_large_image\" \/>\n<meta name=\"twitter:label1\" content=\"Est. reading time\" \/>\n\t<meta name=\"twitter:data1\" content=\"3 minutes\" \/>\n<script type=\"application\/ld+json\" class=\"yoast-schema-graph\">{\"@context\":\"https:\\\/\\\/schema.org\",\"@graph\":[{\"@type\":\"WebPage\",\"@id\":\"https:\\\/\\\/entrenadorpersonalleganes.es\\\/accesibilidad\\\/\",\"url\":\"https:\\\/\\\/entrenadorpersonalleganes.es\\\/accesibilidad\\\/\",\"name\":\"Accesibilidad - Javier Entrenador Personal\",\"isPartOf\":{\"@id\":\"https:\\\/\\\/entrenadorpersonalleganes.es\\\/#website\"},\"datePublished\":\"2026-04-08T10:38:04+00:00\",\"dateModified\":\"2026-04-08T10:47:14+00:00\",\"breadcrumb\":{\"@id\":\"https:\\\/\\\/entrenadorpersonalleganes.es\\\/accesibilidad\\\/#breadcrumb\"},\"inLanguage\":\"en-GB\",\"potentialAction\":[{\"@type\":\"ReadAction\",\"target\":[\"https:\\\/\\\/entrenadorpersonalleganes.es\\\/accesibilidad\\\/\"]}]},{\"@type\":\"BreadcrumbList\",\"@id\":\"https:\\\/\\\/entrenadorpersonalleganes.es\\\/accesibilidad\\\/#breadcrumb\",\"itemListElement\":[{\"@type\":\"ListItem\",\"position\":1,\"name\":\"Portada\",\"item\":\"https:\\\/\\\/entrenadorpersonalleganes.es\\\/\"},{\"@type\":\"ListItem\",\"position\":2,\"name\":\"Accesibilidad\"}]},{\"@type\":\"WebSite\",\"@id\":\"https:\\\/\\\/entrenadorpersonalleganes.es\\\/#website\",\"url\":\"https:\\\/\\\/entrenadorpersonalleganes.es\\\/\",\"name\":\"Entrenado Personal en Leganes\",\"description\":\"Just another WordPress site\",\"publisher\":{\"@id\":\"https:\\\/\\\/entrenadorpersonalleganes.es\\\/#organization\"},\"potentialAction\":[{\"@type\":\"SearchAction\",\"target\":{\"@type\":\"EntryPoint\",\"urlTemplate\":\"https:\\\/\\\/entrenadorpersonalleganes.es\\\/?s={search_term_string}\"},\"query-input\":{\"@type\":\"PropertyValueSpecification\",\"valueRequired\":true,\"valueName\":\"search_term_string\"}}],\"inLanguage\":\"en-GB\"},{\"@type\":\"Organization\",\"@id\":\"https:\\\/\\\/entrenadorpersonalleganes.es\\\/#organization\",\"name\":\"Javier Martinez\",\"url\":\"https:\\\/\\\/entrenadorpersonalleganes.es\\\/\",\"logo\":{\"@type\":\"ImageObject\",\"inLanguage\":\"en-GB\",\"@id\":\"https:\\\/\\\/entrenadorpersonalleganes.es\\\/#\\\/schema\\\/logo\\\/image\\\/\",\"url\":\"https:\\\/\\\/entrenadorpersonalleganes.es\\\/wp-content\\\/uploads\\\/2025\\\/12\\\/cropped-logo-oscuro-entrenador-personal-leganes.png\",\"contentUrl\":\"https:\\\/\\\/entrenadorpersonalleganes.es\\\/wp-content\\\/uploads\\\/2025\\\/12\\\/cropped-logo-oscuro-entrenador-personal-leganes.png\",\"width\":512,\"height\":512,\"caption\":\"Javier Martinez\"},\"image\":{\"@id\":\"https:\\\/\\\/entrenadorpersonalleganes.es\\\/#\\\/schema\\\/logo\\\/image\\\/\"}}]}<\/script>\n<!-- \/ Yoast SEO plugin. -->","yoast_head_json":{"title":"Accesibilidad - Javier Entrenador Personal","robots":{"index":"index","follow":"follow","max-snippet":"max-snippet:-1","max-image-preview":"max-image-preview:large","max-video-preview":"max-video-preview:-1"},"canonical":"https:\/\/entrenadorpersonalleganes.es\/en\/accesibilidad\/","og_locale":"en_GB","og_type":"article","og_title":"Accesibilidad - Javier Entrenador Personal","og_description":"INTRODUCCI\u00d3N Javier Mart\u00ednez Rodr\u00edguez , se ha comprometido a hacer accesible su sitio web y su aplicaci\u00f3n para dispositivos m\u00f3viles, de conformidad con el Real Decreto 1112\/2018, de 7 de septiembre, sobre accesibilidad de los sitios web y aplicaciones para dispositivos m\u00f3viles del sector p\u00fablico. La presente declaraci\u00f3n de accesibilidad se aplica a : https:\/\/entrenadorpersonalleganes.es\/ [&hellip;]","og_url":"https:\/\/entrenadorpersonalleganes.es\/en\/accesibilidad\/","og_site_name":"Javier Entrenador Personal","article_modified_time":"2026-04-08T10:47:14+00:00","twitter_card":"summary_large_image","twitter_misc":{"Est. reading time":"3 minutes"},"schema":{"@context":"https:\/\/schema.org","@graph":[{"@type":"WebPage","@id":"https:\/\/entrenadorpersonalleganes.es\/accesibilidad\/","url":"https:\/\/entrenadorpersonalleganes.es\/accesibilidad\/","name":"Accesibilidad - Javier Entrenador Personal","isPartOf":{"@id":"https:\/\/entrenadorpersonalleganes.es\/#website"},"datePublished":"2026-04-08T10:38:04+00:00","dateModified":"2026-04-08T10:47:14+00:00","breadcrumb":{"@id":"https:\/\/entrenadorpersonalleganes.es\/accesibilidad\/#breadcrumb"},"inLanguage":"en-GB","potentialAction":[{"@type":"ReadAction","target":["https:\/\/entrenadorpersonalleganes.es\/accesibilidad\/"]}]},{"@type":"BreadcrumbList","@id":"https:\/\/entrenadorpersonalleganes.es\/accesibilidad\/#breadcrumb","itemListElement":[{"@type":"ListItem","position":1,"name":"Portada","item":"https:\/\/entrenadorpersonalleganes.es\/"},{"@type":"ListItem","position":2,"name":"Accesibilidad"}]},{"@type":"WebSite","@id":"https:\/\/entrenadorpersonalleganes.es\/#website","url":"https:\/\/entrenadorpersonalleganes.es\/","name":"Entrenado Personal en Leganes","description":"Just another WordPress site","publisher":{"@id":"https:\/\/entrenadorpersonalleganes.es\/#organization"},"potentialAction":[{"@type":"SearchAction","target":{"@type":"EntryPoint","urlTemplate":"https:\/\/entrenadorpersonalleganes.es\/?s={search_term_string}"},"query-input":{"@type":"PropertyValueSpecification","valueRequired":true,"valueName":"search_term_string"}}],"inLanguage":"en-GB"},{"@type":"Organization","@id":"https:\/\/entrenadorpersonalleganes.es\/#organization","name":"Javier Martinez","url":"https:\/\/entrenadorpersonalleganes.es\/","logo":{"@type":"ImageObject","inLanguage":"en-GB","@id":"https:\/\/entrenadorpersonalleganes.es\/#\/schema\/logo\/image\/","url":"https:\/\/entrenadorpersonalleganes.es\/wp-content\/uploads\/2025\/12\/cropped-logo-oscuro-entrenador-personal-leganes.png","contentUrl":"https:\/\/entrenadorpersonalleganes.es\/wp-content\/uploads\/2025\/12\/cropped-logo-oscuro-entrenador-personal-leganes.png","width":512,"height":512,"caption":"Javier Martinez"},"image":{"@id":"https:\/\/entrenadorpersonalleganes.es\/#\/schema\/logo\/image\/"}}]}},"_links":{"self":[{"href":"https:\/\/entrenadorpersonalleganes.es\/en\/wp-json\/wp\/v2\/pages\/1311","targetHints":{"allow":["GET"]}}],"collection":[{"href":"https:\/\/entrenadorpersonalleganes.es\/en\/wp-json\/wp\/v2\/pages"}],"about":[{"href":"https:\/\/entrenadorpersonalleganes.es\/en\/wp-json\/wp\/v2\/types\/page"}],"author":[{"embeddable":true,"href":"https:\/\/entrenadorpersonalleganes.es\/en\/wp-json\/wp\/v2\/users\/1"}],"replies":[{"embeddable":true,"href":"https:\/\/entrenadorpersonalleganes.es\/en\/wp-json\/wp\/v2\/comments?post=1311"}],"version-history":[{"count":8,"href":"https:\/\/entrenadorpersonalleganes.es\/en\/wp-json\/wp\/v2\/pages\/1311\/revisions"}],"predecessor-version":[{"id":1325,"href":"https:\/\/entrenadorpersonalleganes.es\/en\/wp-json\/wp\/v2\/pages\/1311\/revisions\/1325"}],"wp:attachment":[{"href":"https:\/\/entrenadorpersonalleganes.es\/en\/wp-json\/wp\/v2\/media?parent=1311"}],"wp:term":[{"taxonomy":"difl_page_category","embeddable":true,"href":"https:\/\/entrenadorpersonalleganes.es\/en\/wp-json\/wp\/v2\/difl_page_category?post=1311"}],"curies":[{"name":"wp","href":"https:\/\/api.w.org\/{rel}","templated":true}]}}